{"id":442,"date":"2025-06-24T17:51:43","date_gmt":"2025-06-24T21:51:43","guid":{"rendered":"https:\/\/conservacionecogreen.com\/?page_id=442"},"modified":"2025-09-12T06:57:20","modified_gmt":"2025-09-12T10:57:20","slug":"contactanos","status":"publish","type":"page","link":"https:\/\/conservacionecogreen.com\/en\/contactanos\/","title":{"rendered":"Contact Us"},"content":{"rendered":"\t\t<div data-elementor-type=\"wp-page\" data-elementor-id=\"442\" class=\"elementor elementor-442\">\n\t\t\t\t<div class=\"elementor-element elementor-element-3839c708 e-con-full wd-section-stretch e-flex e-con e-parent\" data-id=\"3839c708\" data-element_type=\"container\" data-e-type=\"container\" data-settings=\"{&quot;background_background&quot;:&quot;classic&quot;}\">\n\t\t\t\t<div class=\"elementor-element elementor-element-63ddd8a elementor-widget elementor-widget-slider_revolution\" data-id=\"63ddd8a\" data-element_type=\"widget\" data-e-type=\"widget\" data-widget_type=\"slider_revolution.default\">\n\t\t\t\t<div class=\"elementor-widget-container\">\n\t\t\t\t\t\n\t\t<div class=\"wp-block-themepunch-revslider\">\n\t\t\t\t<p class=\"rs-p-wp-fix\"><\/p>\n\t\t\t\t<sr7-module data-alias=\"contacto\" data-id=\"3\" id=\"SR7_3_1\" class=\"rs-ov-hidden\" data-version=\"6.7.52\">\n\t\t\t\t\t<sr7-adjuster><\/sr7-adjuster>\n\t\t\t\t\t<sr7-content>\n\t\t\t\t\t\t<sr7-carousel>\n\t\t\t\t\t\t<sr7-slide id=\"SR7_3_1-11\" data-key=\"11\">\n\t\t\t\t\t\t\t<sr7-bg id=\"SR7_3_1-11-1\" class=\"sr7-layer\"><noscript><img decoding=\"async\" src=\"https:\/\/conservacionecogreen.com\/wp-content\/uploads\/bn-contacto.webp\" alt=\"bn-contacto\" title=\"\"><\/noscript><\/sr7-bg>\n\t\t\t\t\t\t\t<sr7-txt id=\"SR7_3_1-11-0\" class=\"sr7-layer\">Cont\u00e1ctanos<\/sr7-txt>\n\t\t\t\t\t\t<\/sr7-slide>\n\t\t\t\t\t\t<sr7-slide id=\"SR7_3_1-14\" data-key=\"14\">\n\t\t\t\t\t\t<\/sr7-slide>\n\t\t\t\t\t\t<\/sr7-carousel>\n\t\t\t\t\t<\/sr7-content>\n\t\t\t\t\t<image_lists style=\"display:none\">\n\t\t\t\t\t\t<img data-src=\"\/\/conservacionecogreen.com\/wp-content\/uploads\/bn-contacto.webp\" data-libid=\"976\" data-lib=\"medialibrary\" alt=\"bn-contacto\" width=\"0\" height=\"0\" data-dbsrc=\"Ly9jb25zZXJ2YWNpb25lY29ncmVlbi5jb20vd3AtY29udGVudC91cGxvYWRzL2JuLWNvbnRhY3RvLndlYnA=\"\/>\n\t\t\t\t\t<\/image_lists>\n\t\t\t\t<\/sr7-module>\n\t\t\t\t<script>\n\t\t\t\t\twindow.SR7 ??={};SR7.PMH ??={}; SR7.PMH[\"SR7_3_1\"] = {cn:100,state:false,fn: function() { if (window._tpt!==undefined && window._tpt.prepareModuleHeight !== undefined) {  _tpt.prepareModuleHeight({id:\"SR7_3_1\",el:[400,400,400,400,400],type:'carousel',shdw:'0',gh:[400,400,400,400,400],gw:[1870,1870,1870,1870,1870],vpt:['-100px&#039;,&#039;-100px&#039;,&#039;-100px&#039;,&#039;-100px&#039;,&#039;-100px'],size:{fullWidth:false, fullHeight:false},mh:'0',onh:0,onw:0,bg:{color:'{\"orig\":\"transparent\",\"type\":\"solid\",\"string\":\"transparent\"}'},carousel:{pt:'0',pb:'0'}});   SR7.PMH[\"SR7_3_1\"].state=true;} else if(SR7.PMH[\"SR7_3_1\"].cn-->0)\tsetTimeout( SR7.PMH[\"SR7_3_1\"].fn,19);}};SR7.PMH[\"SR7_3_1\" ].fn();\n\t\t\t\t<\/script>\n<\/div>\n\n\t\t\t\t\t\t<\/div>\n\t\t\t\t<\/div>\n\t\t\t\t<\/div>\n\t\t<div class=\"elementor-element elementor-element-ba13ea1 e-con-full wd-section-stretch e-flex e-con e-parent\" data-id=\"ba13ea1\" data-element_type=\"container\" data-e-type=\"container\" data-settings=\"{&quot;background_background&quot;:&quot;classic&quot;}\">\n\t\t<div class=\"wd-negative-gap elementor-element elementor-element-41677d3 wd-section-stretch-content e-flex e-con-boxed e-con e-child\" data-id=\"41677d3\" data-element_type=\"container\" data-e-type=\"container\" data-settings=\"{&quot;background_background&quot;:&quot;classic&quot;}\">\n\t\t\t\t\t<div class=\"e-con-inner\">\n\t\t<div class=\"elementor-element elementor-element-02e71bf e-con-full e-grid e-con e-child\" data-id=\"02e71bf\" data-element_type=\"container\" data-e-type=\"container\">\n\t\t<div class=\"elementor-element elementor-element-a6dcf7c e-con-full e-flex e-con e-child\" data-id=\"a6dcf7c\" data-element_type=\"container\" data-e-type=\"container\">\n\t\t\t\t<div class=\"elementor-element elementor-element-bea0a23 wd-width-100 elementor-invisible elementor-widget elementor-widget-wd_title\" data-id=\"bea0a23\" data-element_type=\"widget\" data-e-type=\"widget\" data-settings=\"{&quot;_animation&quot;:&quot;wd-anim-slide-from-top&quot;}\" data-widget_type=\"wd_title.default\">\n\t\t\t\t<div class=\"elementor-widget-container\">\n\t\t\t\t\t\t\t<div class=\"title-wrapper wd-set-mb reset-last-child wd-title-color-default wd-title-style-default wd-title-size-large text-left\">\n\n\t\t\t\n\t\t\t<div class=\"liner-continer\">\n\t\t\t\t<h4 class=\"woodmart-title-container title wd-fontsize-xxl\">Conecta con nosotros<\/h4> \n\t\t\t\t\t\t\t<\/div>\n\n\t\t\t\t\t\t\t<div class=\"title-after_title reset-last-child wd-fontsize-s\">\n\t\t\t\t\t<p>\u00bfTienes dudas, quieres colaborar difundiendo nuestras labores de protecci\u00f3n, o deseas conocer m\u00e1s de cerca nuestro trabajo? Escr\u00edbenos o vis\u00edtanos. Estamos abiertos a alianzas, voluntariado, investigaciones cient\u00edficas y consultas.<\/p>\t\t\t\t<\/div>\n\t\t\t\t\t<\/div>\n\t\t\t\t\t\t<\/div>\n\t\t\t\t<\/div>\n\t\t<div class=\"elementor-element elementor-element-7501dad e-con-full e-grid e-con e-child\" data-id=\"7501dad\" data-element_type=\"container\" data-e-type=\"container\">\n\t\t\t\t<div class=\"elementor-element elementor-element-7385a7f elementor-widget elementor-widget-wpforms\" data-id=\"7385a7f\" data-element_type=\"widget\" data-e-type=\"widget\" data-widget_type=\"wpforms.default\">\n\t\t\t\t<div class=\"elementor-widget-container\">\n\t\t\t\t\t<style id=\"wpforms-css-vars-elementor-widget-7385a7f\">\n\t\t\t\t.elementor-widget-wpforms.elementor-element-7385a7f {\n\t\t\t\t--wpforms-field-size-input-height: 43px;\n--wpforms-field-size-input-spacing: 15px;\n--wpforms-field-size-font-size: 16px;\n--wpforms-field-size-line-height: 19px;\n--wpforms-field-size-padding-h: 14px;\n--wpforms-field-size-checkbox-size: 16px;\n--wpforms-field-size-sublabel-spacing: 5px;\n--wpforms-field-size-icon-size: 1;\n--wpforms-label-size-font-size: 16px;\n--wpforms-label-size-line-height: 19px;\n--wpforms-label-size-sublabel-font-size: 14px;\n--wpforms-label-size-sublabel-line-height: 17px;\n--wpforms-button-size-font-size: 17px;\n--wpforms-button-size-height: 41px;\n--wpforms-button-size-padding-h: 15px;\n--wpforms-button-size-margin-top: 10px;\n\n\t\t\t}\n\t\t\t<\/style>\r\n<style type=\"text\/css\">\r\n\r\n\r\n\r\n\r\n\r\n\r\n\r\n\tbody #wpforms-21 .wpforms-submit-container .wpforms-submit, body #wpforms-21 .wpforms-field-pagebreak button.wpforms-page-button {\r\n\t\tfont-weight: bold;height:50px ;text-align:left ;color:#1fb18a ;background-color:#ffffff ;margin-top:20px;padding-left:35px;padding-right:35px;padding-top:10px;padding-bottom:10px;border-width:0px ;border-radius:50px ;-web-border-radius:50px ;-moz-border-radius:50px ;\t\t\t}\r\n\r\n\tbody #wpforms-21 .wpforms-submit-container .wpforms-submit:hover, body #wpforms-21 .wpforms-field-pagebreak button.wpforms-page-button:hover {\r\n\tbackground-color:#afff7a;\tcolor:#000000;\t}\r\n\r\n\tbody #wpforms-21 .wpforms-submit-container,\r\n\tbody #wpforms-21 .wpforms-field-pagebreak .wpforms-pagebreak-left{\r\n\ttext-align:left;\t}\r\n\r\n\r\n\tbody #wpforms-21 .wpforms-form .wpforms-field input[type=text],\r\n\tbody #wpforms-21 .wpforms-form .wpforms-field input[type=email],\r\n\tbody #wpforms-21 .wpforms-form .wpforms-field input[type=tel],\r\n\tbody #wpforms-21 .wpforms-form .wpforms-field input[type=url],\r\n\tbody #wpforms-21 .wpforms-form .wpforms-field input[type=password],\r\n\tbody #wpforms-21 .wpforms-form .wpforms-field input[type=number]\r\n\t{\r\n\t\tbackground-color:#ffffff ;border-width:3px ;border-color:#dcdcdc ;border-radius:50px ;-web-border-radius:50px ;-moz-border-radius:50px ;\t\t\t}\r\n\r\n\tbody #wpforms-21 .wpforms-form .wpforms-field .wpforms-field-row\r\n\t{\r\n\t\t\t}\r\n\r\n\tbody #wpforms-21 .wpforms-form .wpforms-field-layout.wpforms-field input[type=text],\r\n\tbody #wpforms-21 .wpforms-form .wpforms-field-layout.wpforms-field input[type=email],\r\n\tbody #wpforms-21 .wpforms-form .wpforms-field-layout.wpforms-field input[type=tel],\r\n\tbody #wpforms-21 .wpforms-form .wpforms-field-layout.wpforms-field input[type=url],\r\n\tbody #wpforms-21 .wpforms-form .wpforms-field-layout.wpforms-field input[type=password],\r\n\tbody #wpforms-21 .wpforms-form .wpforms-field-layout.wpforms-field input[type=number]{\r\n\t\twidth: 100%;\r\n\t}\r\n\r\n\tbody #wpforms-21 .wpforms-form .wpforms-field .wpforms-field-row input[type=text]{\r\n\t\twidth: 100%;\r\n\t}\r\n\r\n\r\n\r\n\r\n\r\n\tbody #wpforms-21 .wpforms-form .wpforms-field textarea {\r\n\t\tbackground-color:#ffffff ;border-width:3px ;border-color:#dcdcdc ;border-radius:25px ;-web-border-radius:25px ;-moz-border-radius:25px ;\t\t\t\t}\r\n\r\n\r\n\r\n\r\n\r\n\/* Styling for Tablets *\/\r\n@media only screen and (max-width: 800px) and (min-width:481px) {\r\n\t\r\n\r\n\r\n\r\n}\r\n\r\n@media only screen and (max-width: 480px){\r\n\t\r\n\r\n\r\n\r\n}\r\n\/*Option to add custom CSS *\/\r\n\r\n\r\n\r\n\t\t<\/style>\r\n\t\t<div class=\"wpforms-container wpforms-container-full wpforms-render-modern\" id=\"wpforms-21\"><form id=\"wpforms-form-21\" class=\"wpforms-validate wpforms-form wpforms-ajax-form\" data-formid=\"21\" method=\"post\" enctype=\"multipart\/form-data\" action=\"\/en\/wp-json\/wp\/v2\/pages\/442\" data-token=\"404b3fc0b6f76ab8e65c55079ea553f6\" data-token-time=\"1776182045\"><noscript class=\"wpforms-error-noscript\">Please enable JavaScript in your browser to complete this form.<\/noscript><div class=\"wpforms-hidden\" id=\"wpforms-error-noscript\">Please enable JavaScript in your browser to complete this form.<\/div><div class=\"wpforms-field-container\"><div id=\"wpforms-21-field_1-container\" class=\"wpforms-field wpforms-field-name\" data-field-id=\"1\"><fieldset><legend class=\"wpforms-field-label wpforms-label-hide\" aria-hidden=\"false\">Nombre <span class=\"wpforms-required-label\" aria-hidden=\"true\">*<\/span><\/legend><div class=\"wpforms-field-row wpforms-field-large\"><div class=\"wpforms-field-row-block wpforms-first wpforms-one-half\"><input type=\"text\" id=\"wpforms-21-field_1\" class=\"wpforms-field-name-first wpforms-field-required\" name=\"wpforms[fields][1][first]\" placeholder=\"Nombre\" aria-errormessage=\"wpforms-21-field_1-error\" required><label for=\"wpforms-21-field_1\" class=\"wpforms-field-sublabel after wpforms-sublabel-hide\">First<\/label><\/div><div class=\"wpforms-field-row-block wpforms-one-half\"><input type=\"text\" id=\"wpforms-21-field_1-last\" class=\"wpforms-field-name-last wpforms-field-required\" name=\"wpforms[fields][1][last]\" placeholder=\"Apellido\" aria-errormessage=\"wpforms-21-field_1-last-error\" required><label for=\"wpforms-21-field_1-last\" class=\"wpforms-field-sublabel after wpforms-sublabel-hide\">Last<\/label><\/div><\/div><\/fieldset><\/div><div id=\"wpforms-21-field_2-container\" class=\"wpforms-field wpforms-field-email wpforms-one-half wpforms-first wpforms-mobile-full\" data-field-id=\"2\"><label class=\"wpforms-field-label wpforms-label-hide\" for=\"wpforms-21-field_2\" aria-hidden=\"false\">Correo electr\u00f3nico <span class=\"wpforms-required-label\" aria-hidden=\"true\">*<\/span><\/label><input type=\"email\" id=\"wpforms-21-field_2\" class=\"wpforms-field-large wpforms-field-required\" name=\"wpforms[fields][2]\" placeholder=\"Email\" spellcheck=\"false\" aria-errormessage=\"wpforms-21-field_2-error\" required><\/div><div id=\"wpforms-21-field_3-container\" class=\"wpforms-field wpforms-field-phone wpforms-one-half wpforms-mobile-full\" data-field-id=\"3\"><label class=\"wpforms-field-label wpforms-label-hide\" for=\"wpforms-21-field_3\" aria-hidden=\"false\">Tel\u00e9fono <span class=\"wpforms-required-label\" aria-hidden=\"true\">*<\/span><\/label><input type=\"tel\" id=\"wpforms-21-field_3\" class=\"wpforms-field-large wpforms-field-required wpforms-smart-phone-field\" data-rule-smart-phone-field=\"true\" name=\"wpforms[fields][3]\" placeholder=\"Tel\u00e9fono\" aria-label=\"Tel\u00e9fono\" aria-errormessage=\"wpforms-21-field_3-error\" required><\/div><div id=\"wpforms-21-field_4-container\" class=\"wpforms-field wpforms-field-textarea\" data-field-id=\"4\"><label class=\"wpforms-field-label wpforms-label-hide\" for=\"wpforms-21-field_4\" aria-hidden=\"false\">Comentarios<\/label><textarea id=\"wpforms-21-field_4\" class=\"wpforms-field-medium\" name=\"wpforms[fields][4]\" placeholder=\"Comentarios\" aria-errormessage=\"wpforms-21-field_4-error\" ><\/textarea><\/div><\/div><!-- .wpforms-field-container --><div class=\"wpforms-recaptcha-container wpforms-is-hcaptcha\" ><div class=\"g-recaptcha\" data-sitekey=\"7c569c40-319c-4e14-8abc-9a3072ee9a52\"><\/div><input type=\"text\" name=\"g-recaptcha-hidden\" class=\"wpforms-recaptcha-hidden\" style=\"position:absolute!important;clip:rect(0,0,0,0)!important;height:1px!important;width:1px!important;border:0!important;overflow:hidden!important;padding:0!important;margin:0!important;\" data-rule-hcaptcha=\"1\"><\/div><div class=\"wpforms-submit-container\" ><input type=\"hidden\" name=\"wpforms[id]\" value=\"21\"><input type=\"hidden\" name=\"page_title\" value=\"\"><input type=\"hidden\" name=\"page_url\" value=\"https:\/\/conservacionecogreen.com\/en\/wp-json\/wp\/v2\/pages\/442\"><button type=\"submit\" name=\"wpforms[submit]\" id=\"wpforms-submit-21\" class=\"wpforms-submit\" data-alt-text=\"Enviando...\" data-submit-text=\"Enviar mensaje\" aria-live=\"assertive\" value=\"wpforms-submit\">Enviar mensaje<\/button><img loading=\"lazy\" decoding=\"async\" src=\"https:\/\/conservacionecogreen.com\/wp-content\/plugins\/wpforms\/assets\/images\/submit-spin.svg\" class=\"wpforms-submit-spinner\" style=\"display: none;\" width=\"26\" height=\"26\" alt=\"Loading\"><\/div><\/form><\/div>  <!-- .wpforms-container -->\t\t\t\t<\/div>\n\t\t\t\t<\/div>\n\t\t\t\t<\/div>\n\t\t\t\t<\/div>\n\t\t\t\t<div class=\"elementor-element elementor-element-814ca1c elementor-widget elementor-widget-wd_image_or_svg\" data-id=\"814ca1c\" data-element_type=\"widget\" data-e-type=\"widget\" data-widget_type=\"wd_image_or_svg.default\">\n\t\t\t\t<div class=\"elementor-widget-container\">\n\t\t\t\t\t\n\t\t<div class=\"wd-image text-center\">\n\t\t\t\t\t\t\t\t<img loading=\"lazy\" decoding=\"async\" width=\"561\" height=\"748\" src=\"https:\/\/conservacionecogreen.com\/wp-content\/uploads\/ecogreen.webp\" class=\"attachment-full size-full\" alt=\"ecogreen\" srcset=\"https:\/\/conservacionecogreen.com\/wp-content\/uploads\/ecogreen.webp 561w, https:\/\/conservacionecogreen.com\/wp-content\/uploads\/ecogreen-225x300.webp 225w, https:\/\/conservacionecogreen.com\/wp-content\/uploads\/ecogreen-113x150.webp 113w\" sizes=\"auto, (max-width: 561px) 100vw, 561px\" \/>\t\t\t\t\t<\/div>\n\n\t\t\t\t\t\t<\/div>\n\t\t\t\t<\/div>\n\t\t\t\t<\/div>\n\t\t\t\t\t<\/div>\n\t\t\t\t<\/div>\n\t\t\t\t<\/div>\n\t\t\t\t<\/div>\n\t\t","protected":false},"excerpt":{"rendered":"<p>Conecta con nosotros \u00bfTienes dudas, quieres colaborar difundiendo nuestras labores de protecci\u00f3n, o deseas conocer m\u00e1s de cerca nuestro trabajo?<\/p>","protected":false},"author":2,"featured_media":0,"parent":0,"menu_order":0,"comment_status":"closed","ping_status":"closed","template":"","meta":{"footnotes":""},"class_list":["post-442","page","type-page","status-publish","hentry"],"yoast_head":"<!-- This site is optimized with the Yoast SEO plugin v27.3 - https:\/\/yoast.com\/product\/yoast-seo-wordpress\/ -->\n<title>Cont\u00e1ctanos | Ecogreen &amp; Vida<\/title>\n<meta name=\"robots\" content=\"index, follow, max-snippet:-1, max-image-preview:large, max-video-preview:-1\" \/>\n<link rel=\"canonical\" href=\"https:\/\/conservacionecogreen.com\/en\/contactanos\/\" \/>\n<meta property=\"og:locale\" content=\"en_US\" \/>\n<meta property=\"og:type\" content=\"article\" \/>\n<meta property=\"og:title\" content=\"Cont\u00e1ctanos | Ecogreen &amp; Vida\" \/>\n<meta property=\"og:description\" content=\"Conecta con nosotros \u00bfTienes dudas, quieres colaborar difundiendo nuestras labores de protecci\u00f3n, o deseas conocer m\u00e1s de cerca nuestro trabajo?\" \/>\n<meta property=\"og:url\" content=\"https:\/\/conservacionecogreen.com\/en\/contactanos\/\" \/>\n<meta property=\"og:site_name\" content=\"Ecogreen &amp; Vida\" \/>\n<meta property=\"article:modified_time\" content=\"2025-09-12T10:57:20+00:00\" \/>\n<meta property=\"og:image\" content=\"https:\/\/conservacionecogreen.com\/wp-content\/plugins\/wpforms\/assets\/images\/submit-spin.svg\" \/>\n<meta name=\"twitter:card\" content=\"summary_large_image\" \/>\n<script type=\"application\/ld+json\" class=\"yoast-schema-graph\">{\"@context\":\"https:\\\/\\\/schema.org\",\"@graph\":[{\"@type\":\"WebPage\",\"@id\":\"https:\\\/\\\/conservacionecogreen.com\\\/contactanos\\\/\",\"url\":\"https:\\\/\\\/conservacionecogreen.com\\\/contactanos\\\/\",\"name\":\"Cont\u00e1ctanos | Ecogreen &amp; Vida\",\"isPartOf\":{\"@id\":\"https:\\\/\\\/conservacionecogreen.com\\\/#website\"},\"primaryImageOfPage\":{\"@id\":\"https:\\\/\\\/conservacionecogreen.com\\\/contactanos\\\/#primaryimage\"},\"image\":{\"@id\":\"https:\\\/\\\/conservacionecogreen.com\\\/contactanos\\\/#primaryimage\"},\"thumbnailUrl\":\"https:\\\/\\\/conservacionecogreen.com\\\/wp-content\\\/plugins\\\/wpforms\\\/assets\\\/images\\\/submit-spin.svg\",\"datePublished\":\"2025-06-24T21:51:43+00:00\",\"dateModified\":\"2025-09-12T10:57:20+00:00\",\"breadcrumb\":{\"@id\":\"https:\\\/\\\/conservacionecogreen.com\\\/contactanos\\\/#breadcrumb\"},\"inLanguage\":\"en-US\",\"potentialAction\":[{\"@type\":\"ReadAction\",\"target\":[\"https:\\\/\\\/conservacionecogreen.com\\\/contactanos\\\/\"]}]},{\"@type\":\"ImageObject\",\"inLanguage\":\"en-US\",\"@id\":\"https:\\\/\\\/conservacionecogreen.com\\\/contactanos\\\/#primaryimage\",\"url\":\"https:\\\/\\\/conservacionecogreen.com\\\/wp-content\\\/plugins\\\/wpforms\\\/assets\\\/images\\\/submit-spin.svg\",\"contentUrl\":\"https:\\\/\\\/conservacionecogreen.com\\\/wp-content\\\/plugins\\\/wpforms\\\/assets\\\/images\\\/submit-spin.svg\"},{\"@type\":\"BreadcrumbList\",\"@id\":\"https:\\\/\\\/conservacionecogreen.com\\\/contactanos\\\/#breadcrumb\",\"itemListElement\":[{\"@type\":\"ListItem\",\"position\":1,\"name\":\"Portada\",\"item\":\"https:\\\/\\\/conservacionecogreen.com\\\/\"},{\"@type\":\"ListItem\",\"position\":2,\"name\":\"Cont\u00e1ctanos\"}]},{\"@type\":\"WebSite\",\"@id\":\"https:\\\/\\\/conservacionecogreen.com\\\/#website\",\"url\":\"https:\\\/\\\/conservacionecogreen.com\\\/\",\"name\":\"Ecogreen & Vida\",\"description\":\"Centro de conservaci\u00f3n, rescate y zoocria\",\"publisher\":{\"@id\":\"https:\\\/\\\/conservacionecogreen.com\\\/#organization\"},\"alternateName\":\"Ecogreen & Vida\",\"potentialAction\":[{\"@type\":\"SearchAction\",\"target\":{\"@type\":\"EntryPoint\",\"urlTemplate\":\"https:\\\/\\\/conservacionecogreen.com\\\/?s={search_term_string}\"},\"query-input\":{\"@type\":\"PropertyValueSpecification\",\"valueRequired\":true,\"valueName\":\"search_term_string\"}}],\"inLanguage\":\"en-US\"},{\"@type\":\"Organization\",\"@id\":\"https:\\\/\\\/conservacionecogreen.com\\\/#organization\",\"name\":\"Ecogreen & Vida\",\"alternateName\":\"Ecogreen & Vida\",\"url\":\"https:\\\/\\\/conservacionecogreen.com\\\/\",\"logo\":{\"@type\":\"ImageObject\",\"inLanguage\":\"en-US\",\"@id\":\"https:\\\/\\\/conservacionecogreen.com\\\/#\\\/schema\\\/logo\\\/image\\\/\",\"url\":\"https:\\\/\\\/conservacionecogreen.com\\\/wp-content\\\/uploads\\\/logo-1.png\",\"contentUrl\":\"https:\\\/\\\/conservacionecogreen.com\\\/wp-content\\\/uploads\\\/logo-1.png\",\"width\":317,\"height\":131,\"caption\":\"Ecogreen & Vida\"},\"image\":{\"@id\":\"https:\\\/\\\/conservacionecogreen.com\\\/#\\\/schema\\\/logo\\\/image\\\/\"}}]}<\/script>\n<!-- \/ Yoast SEO plugin. -->","yoast_head_json":{"title":"Cont\u00e1ctanos | Ecogreen &amp; Vida","robots":{"index":"index","follow":"follow","max-snippet":"max-snippet:-1","max-image-preview":"max-image-preview:large","max-video-preview":"max-video-preview:-1"},"canonical":"https:\/\/conservacionecogreen.com\/en\/contactanos\/","og_locale":"en_US","og_type":"article","og_title":"Cont\u00e1ctanos | Ecogreen &amp; Vida","og_description":"Conecta con nosotros \u00bfTienes dudas, quieres colaborar difundiendo nuestras labores de protecci\u00f3n, o deseas conocer m\u00e1s de cerca nuestro trabajo?","og_url":"https:\/\/conservacionecogreen.com\/en\/contactanos\/","og_site_name":"Ecogreen &amp; Vida","article_modified_time":"2025-09-12T10:57:20+00:00","og_image":[{"url":"https:\/\/conservacionecogreen.com\/wp-content\/plugins\/wpforms\/assets\/images\/submit-spin.svg","type":"","width":"","height":""}],"twitter_card":"summary_large_image","schema":{"@context":"https:\/\/schema.org","@graph":[{"@type":"WebPage","@id":"https:\/\/conservacionecogreen.com\/contactanos\/","url":"https:\/\/conservacionecogreen.com\/contactanos\/","name":"Cont\u00e1ctanos | Ecogreen &amp; Vida","isPartOf":{"@id":"https:\/\/conservacionecogreen.com\/#website"},"primaryImageOfPage":{"@id":"https:\/\/conservacionecogreen.com\/contactanos\/#primaryimage"},"image":{"@id":"https:\/\/conservacionecogreen.com\/contactanos\/#primaryimage"},"thumbnailUrl":"https:\/\/conservacionecogreen.com\/wp-content\/plugins\/wpforms\/assets\/images\/submit-spin.svg","datePublished":"2025-06-24T21:51:43+00:00","dateModified":"2025-09-12T10:57:20+00:00","breadcrumb":{"@id":"https:\/\/conservacionecogreen.com\/contactanos\/#breadcrumb"},"inLanguage":"en-US","potentialAction":[{"@type":"ReadAction","target":["https:\/\/conservacionecogreen.com\/contactanos\/"]}]},{"@type":"ImageObject","inLanguage":"en-US","@id":"https:\/\/conservacionecogreen.com\/contactanos\/#primaryimage","url":"https:\/\/conservacionecogreen.com\/wp-content\/plugins\/wpforms\/assets\/images\/submit-spin.svg","contentUrl":"https:\/\/conservacionecogreen.com\/wp-content\/plugins\/wpforms\/assets\/images\/submit-spin.svg"},{"@type":"BreadcrumbList","@id":"https:\/\/conservacionecogreen.com\/contactanos\/#breadcrumb","itemListElement":[{"@type":"ListItem","position":1,"name":"Portada","item":"https:\/\/conservacionecogreen.com\/"},{"@type":"ListItem","position":2,"name":"Cont\u00e1ctanos"}]},{"@type":"WebSite","@id":"https:\/\/conservacionecogreen.com\/#website","url":"https:\/\/conservacionecogreen.com\/","name":"Ecogreen & Vida","description":"Centro de conservaci\u00f3n, rescate y zoocria","publisher":{"@id":"https:\/\/conservacionecogreen.com\/#organization"},"alternateName":"Ecogreen & Vida","potentialAction":[{"@type":"SearchAction","target":{"@type":"EntryPoint","urlTemplate":"https:\/\/conservacionecogreen.com\/?s={search_term_string}"},"query-input":{"@type":"PropertyValueSpecification","valueRequired":true,"valueName":"search_term_string"}}],"inLanguage":"en-US"},{"@type":"Organization","@id":"https:\/\/conservacionecogreen.com\/#organization","name":"Ecogreen & Vida","alternateName":"Ecogreen & Vida","url":"https:\/\/conservacionecogreen.com\/","logo":{"@type":"ImageObject","inLanguage":"en-US","@id":"https:\/\/conservacionecogreen.com\/#\/schema\/logo\/image\/","url":"https:\/\/conservacionecogreen.com\/wp-content\/uploads\/logo-1.png","contentUrl":"https:\/\/conservacionecogreen.com\/wp-content\/uploads\/logo-1.png","width":317,"height":131,"caption":"Ecogreen & Vida"},"image":{"@id":"https:\/\/conservacionecogreen.com\/#\/schema\/logo\/image\/"}}]}},"_links":{"self":[{"href":"https:\/\/conservacionecogreen.com\/en\/wp-json\/wp\/v2\/pages\/442","targetHints":{"allow":["GET"]}}],"collection":[{"href":"https:\/\/conservacionecogreen.com\/en\/wp-json\/wp\/v2\/pages"}],"about":[{"href":"https:\/\/conservacionecogreen.com\/en\/wp-json\/wp\/v2\/types\/page"}],"author":[{"embeddable":true,"href":"https:\/\/conservacionecogreen.com\/en\/wp-json\/wp\/v2\/users\/2"}],"replies":[{"embeddable":true,"href":"https:\/\/conservacionecogreen.com\/en\/wp-json\/wp\/v2\/comments?post=442"}],"version-history":[{"count":28,"href":"https:\/\/conservacionecogreen.com\/en\/wp-json\/wp\/v2\/pages\/442\/revisions"}],"predecessor-version":[{"id":1075,"href":"https:\/\/conservacionecogreen.com\/en\/wp-json\/wp\/v2\/pages\/442\/revisions\/1075"}],"wp:attachment":[{"href":"https:\/\/conservacionecogreen.com\/en\/wp-json\/wp\/v2\/media?parent=442"}],"curies":[{"name":"wp","href":"https:\/\/api.w.org\/{rel}","templated":true}]}}