{"id":986,"date":"2025-09-05T10:53:53","date_gmt":"2025-09-05T14:53:53","guid":{"rendered":"https:\/\/conservacionecogreen.com\/?page_id=986"},"modified":"2025-12-01T15:06:53","modified_gmt":"2025-12-01T19:06:53","slug":"alianza","status":"publish","type":"page","link":"https:\/\/conservacionecogreen.com\/en\/alianza\/","title":{"rendered":"Alliance"},"content":{"rendered":"\t\t<div data-elementor-type=\"wp-page\" data-elementor-id=\"986\" class=\"elementor elementor-986\">\n\t\t\t\t<div class=\"elementor-element elementor-element-3839c708 e-con-full wd-section-stretch e-flex e-con e-parent\" data-id=\"3839c708\" data-element_type=\"container\" data-e-type=\"container\" data-settings=\"{&quot;background_background&quot;:&quot;classic&quot;}\">\n\t\t\t\t<div class=\"elementor-element elementor-element-63ddd8a elementor-widget elementor-widget-slider_revolution\" data-id=\"63ddd8a\" data-element_type=\"widget\" data-e-type=\"widget\" data-widget_type=\"slider_revolution.default\">\n\t\t\t\t<div class=\"elementor-widget-container\">\n\t\t\t\t\t\n\t\t<div class=\"wp-block-themepunch-revslider\">\n\t\t\t\t<p class=\"rs-p-wp-fix\"><\/p>\n\t\t\t\t<sr7-module data-alias=\"alianza\" data-id=\"9\" id=\"SR7_9_1\" class=\"rs-ov-hidden\" data-version=\"6.7.52\">\n\t\t\t\t\t<sr7-adjuster><\/sr7-adjuster>\n\t\t\t\t\t<sr7-content>\n\t\t\t\t\t\t<sr7-carousel>\n\t\t\t\t\t\t<sr7-slide id=\"SR7_9_1-30\" data-key=\"30\">\n\t\t\t\t\t\t\t<sr7-bg id=\"SR7_9_1-30-2\" class=\"sr7-layer\"><noscript><img decoding=\"async\" src=\"https:\/\/conservacionecogreen.com\/wp-content\/uploads\/banner-alianzas.webp\" alt=\"banner-alianzas\" title=\"\"><\/noscript><\/sr7-bg>\n\t\t\t\t\t\t\t<sr7-txt id=\"SR7_9_1-30-0\" class=\"sr7-layer\">Alianza<\/sr7-txt>\n\t\t\t\t\t\t<\/sr7-slide>\n\t\t\t\t\t\t<sr7-slide id=\"SR7_9_1-31\" data-key=\"31\">\n\t\t\t\t\t\t<\/sr7-slide>\n\t\t\t\t\t\t<\/sr7-carousel>\n\t\t\t\t\t<\/sr7-content>\n\t\t\t\t\t<image_lists style=\"display:none\">\n\t\t\t\t\t\t<img data-src=\"\/\/conservacionecogreen.com\/wp-content\/uploads\/vantara.svg\" data-libid=\"1143\" data-lib=\"medialibrary\" title=\"vantara\" width=\"0\" height=\"0\" data-dbsrc=\"Ly9jb25zZXJ2YWNpb25lY29ncmVlbi5jb20vd3AtY29udGVudC91cGxvYWRzL3ZhbnRhcmEuc3Zn\"\/>\n\t\t\t\t\t\t<img data-src=\"\/\/conservacionecogreen.com\/wp-content\/uploads\/banner-alianzas.webp\" data-libid=\"1133\" data-lib=\"medialibrary\" alt=\"banner-alianzas\" width=\"0\" height=\"0\" data-dbsrc=\"Ly9jb25zZXJ2YWNpb25lY29ncmVlbi5jb20vd3AtY29udGVudC91cGxvYWRzL2Jhbm5lci1hbGlhbnphcy53ZWJw\"\/>\n\t\t\t\t\t<\/image_lists>\n\t\t\t\t<\/sr7-module>\n\t\t\t\t<script>\n\t\t\t\t\twindow.SR7 ??={};SR7.PMH ??={}; SR7.PMH[\"SR7_9_1\"] = {cn:100,state:false,fn: function() { if (window._tpt!==undefined && window._tpt.prepareModuleHeight !== undefined) {  _tpt.prepareModuleHeight({id:\"SR7_9_1\",el:[400,400,400,400,400],type:'carousel',shdw:'0',gh:[400,400,400,400,400],gw:[1870,1870,1870,1870,1870],vpt:['-100px&#039;,&#039;-100px&#039;,&#039;-100px&#039;,&#039;-100px&#039;,&#039;-100px'],size:{fullWidth:false, fullHeight:false},mh:'0',onh:0,onw:0,bg:{color:'{\"orig\":\"transparent\",\"type\":\"solid\",\"string\":\"transparent\"}'},carousel:{pt:'0',pb:'0'}});   SR7.PMH[\"SR7_9_1\"].state=true;} else if(SR7.PMH[\"SR7_9_1\"].cn-->0)\tsetTimeout( SR7.PMH[\"SR7_9_1\"].fn,19);}};SR7.PMH[\"SR7_9_1\" ].fn();\n\t\t\t\t<\/script>\n<\/div>\n\n\t\t\t\t\t\t<\/div>\n\t\t\t\t<\/div>\n\t\t\t\t<\/div>\n\t\t<div class=\"elementor-element elementor-element-a4380c5 e-con-full wd-section-stretch e-flex e-con e-parent\" data-id=\"a4380c5\" data-element_type=\"container\" data-e-type=\"container\" data-settings=\"{&quot;background_background&quot;:&quot;classic&quot;}\">\n\t\t\t\t<div class=\"elementor-element elementor-element-77ae2f4 elementor-invisible elementor-widget elementor-widget-wd_image_or_svg\" data-id=\"77ae2f4\" data-element_type=\"widget\" data-e-type=\"widget\" data-settings=\"{&quot;_animation&quot;:&quot;wd-anim-top-flip-x&quot;}\" data-widget_type=\"wd_image_or_svg.default\">\n\t\t\t\t<div class=\"elementor-widget-container\">\n\t\t\t\t\t\n\t\t<div class=\"wd-image text-center\">\n\t\t\t\t\t\t\t\t<img loading=\"lazy\" decoding=\"async\" width=\"238\" height=\"45\" src=\"https:\/\/conservacionecogreen.com\/wp-content\/uploads\/logo-comb.png\" class=\"attachment-full size-full\" alt=\"\" srcset=\"https:\/\/conservacionecogreen.com\/wp-content\/uploads\/logo-comb.png 238w, https:\/\/conservacionecogreen.com\/wp-content\/uploads\/logo-comb-150x28.png 150w\" sizes=\"auto, (max-width: 238px) 100vw, 238px\" \/>\t\t\t\t\t<\/div>\n\n\t\t\t\t\t\t<\/div>\n\t\t\t\t<\/div>\n\t\t<div class=\"wd-negative-gap elementor-element elementor-element-c7ec148 e-flex e-con-boxed e-con e-child\" data-id=\"c7ec148\" data-element_type=\"container\" data-e-type=\"container\">\n\t\t\t\t\t<div class=\"e-con-inner\">\n\t\t\t\t<div class=\"elementor-element elementor-element-06bf12f wd-width-100 elementor-invisible elementor-widget elementor-widget-wd_title\" data-id=\"06bf12f\" data-element_type=\"widget\" data-e-type=\"widget\" data-settings=\"{&quot;_animation&quot;:&quot;wd-anim-slide-from-top&quot;}\" data-widget_type=\"wd_title.default\">\n\t\t\t\t<div class=\"elementor-widget-container\">\n\t\t\t\t\t\t\t<div class=\"title-wrapper wd-set-mb reset-last-child wd-title-color-default wd-title-style-default wd-title-size-large text-left\">\n\n\t\t\t\n\t\t\t<div class=\"liner-continer\">\n\t\t\t\t<h4 class=\"woodmart-title-container title wd-fontsize-xxl\">Alianza Estrat\u00e9gica<\/h4> \n\t\t\t\t\t\t\t<\/div>\n\n\t\t\t\t\t<\/div>\n\t\t\t\t\t\t<\/div>\n\t\t\t\t<\/div>\n\t\t\t\t<div class=\"elementor-element elementor-element-54ac118 elementor-invisible elementor-widget elementor-widget-wd_text_block\" data-id=\"54ac118\" data-element_type=\"widget\" data-e-type=\"widget\" data-settings=\"{&quot;_animation&quot;:&quot;wd-anim-slide-from-bottom&quot;}\" data-widget_type=\"wd_text_block.default\">\n\t\t\t\t<div class=\"elementor-widget-container\">\n\t\t\t\t\t\t\t<div class=\"wd-text-block reset-last-child text-left\">\n\t\t\t\n\t\t\t<p><span style=\"font-weight: 400;\">Nos complace informar que este Centro de Conservaci\u00f3n ex situ de Rescate, Rehabilitaci\u00f3n y Zoocriadero Ecogreen &amp; Vida C.A, sostiene alianza estrat\u00e9gica con\u00a0 Greens Zoological, Rescue and Rehabilitation Centre Society (GZRRCS - Vantara), con domicilio en el distrito de Jamnagar, Gujarat, India. Con un solo objetivo, el de crear conciencia entre las personas sobre la importancia de la biodiversidad y su protecci\u00f3n.\u00a0<\/span><\/p><p><span style=\"font-weight: 400;\">En el actual contexto, Greens Zoological, Rescue and Rehabilitation Centre Society (GZRRCS), es una instituci\u00f3n zool\u00f3gica, de rescate y rehabilitaci\u00f3n, reconocida por la legislaci\u00f3n india y dedicada a programas de conservaci\u00f3n, bienestar animal y reintroducci\u00f3n de especies silvestres, sus actividades se desarrollan con base cient\u00edfica en varios continentes. En consecuencia, Vantara ha ejecutado entre 12 y 15 importantes proyectos a nivel mundial, restaurando el equilibrio ecol\u00f3gico y la protecci\u00f3n del h\u00e1bitat; as\u00ed como, impulsado la gesti\u00f3n de la diversidad gen\u00e9tica desde diversos rincones del planeta.<\/span><\/p><p><span style=\"font-weight: 400;\">Por otra parte, en Ecogreen, cada camino se ha trazado desde la \u00e9tica ambiental, comprometido con la conservaci\u00f3n de la biodiversidad. Por lo que, ha desarrollado conjuntamente con Vantara, la promoci\u00f3n del conocimiento cient\u00edfico relacionado con la vida silvestre; la cooperaci\u00f3n en rescates y rehabilitaci\u00f3n de fauna; la actualizaciones en t\u00e9cnicas de salud, bienestar animal y educaci\u00f3n ambiental; la atenci\u00f3n de calidad a los animales que est\u00e1n bajo la vigilancia; Ambos centros, uniendo las experiencias en el cuidado de animales y la ciencia de la conservaci\u00f3n.\u00a0\u00a0<\/span><\/p><p><span style=\"font-weight: 400;\">Cabe destacar que, ambos centros permanentemente ofrecen propuestas para el cumplimiento id\u00f3neo de los est\u00e1ndares internacionales en cuanto a instalaciones \u00f3ptimas, siguiendo la tendencia moderna de dise\u00f1o naturalista y ecol\u00f3gico, sin perturbar el paisaje natural, proporcionando una vida de calidad adecuada, que permita la longevidad y la reproducci\u00f3n, as\u00ed como promueva una poblaci\u00f3n autosostenible, gen\u00e9ticamente y comportamentalmente viable en el zool\u00f3gico. Proporcionando un espacio seguro, natural, no contaminado, no perturbado y ambiental para los animales que lleguen heridos, rescatados, de intercambio entre zool\u00f3gicos, entre otros.\u00a0<\/span><\/p><p><span style=\"font-weight: 400;\">Atendiendo a las propuestas establecidas en la alianza estrat\u00e9gica, tanto el Centro de Conservaci\u00f3n ex situ de Rescate, Rehabilitaci\u00f3n y Zoocriadero Ecogreen &amp; Vida C.A y Centro de Rescate y Rehabilitaci\u00f3n Zool\u00f3gica Greens, proporcionan una oportunidad para fortalecer la conservaci\u00f3n de la fauna en el mundo<\/span><\/p>\n\t\t\t\t\t<\/div>\n\t\t\t\t\t\t<\/div>\n\t\t\t\t<\/div>\n\t\t\t\t\t<\/div>\n\t\t\t\t<\/div>\n\t\t\t\t<\/div>\n\t\t\t\t<\/div>\n\t\t","protected":false},"excerpt":{"rendered":"<p>Alianza Estrat\u00e9gica Nos complace informar que este Centro de Conservaci\u00f3n ex situ de Rescate, Rehabilitaci\u00f3n y Zoocriadero Ecogreen &amp; Vida<\/p>","protected":false},"author":2,"featured_media":0,"parent":0,"menu_order":0,"comment_status":"closed","ping_status":"closed","template":"","meta":{"footnotes":""},"class_list":["post-986","page","type-page","status-publish","hentry"],"yoast_head":"<!-- This site is optimized with the Yoast SEO plugin v27.3 - https:\/\/yoast.com\/product\/yoast-seo-wordpress\/ -->\n<title>Ecogreen &amp; Vida | Centro de conservaci\u00f3n, rescate y zoocria<\/title>\n<meta name=\"description\" content=\"En el Zoocriadero San Antonio Abad, trabajamos con \u00e9tica, ciencia y amor por la vida.\" \/>\n<meta name=\"robots\" content=\"index, follow, max-snippet:-1, max-image-preview:large, max-video-preview:-1\" \/>\n<link rel=\"canonical\" href=\"https:\/\/conservacionecogreen.com\/en\/alianza\/\" \/>\n<meta property=\"og:locale\" content=\"en_US\" \/>\n<meta property=\"og:type\" content=\"article\" \/>\n<meta property=\"og:title\" content=\"Ecogreen &amp; Vida | Centro de conservaci\u00f3n, rescate y zoocria\" \/>\n<meta property=\"og:description\" content=\"En el Zoocriadero San Antonio Abad, trabajamos con \u00e9tica, ciencia y amor por la vida.\" \/>\n<meta property=\"og:url\" content=\"https:\/\/conservacionecogreen.com\/en\/alianza\/\" \/>\n<meta property=\"og:site_name\" content=\"Ecogreen &amp; Vida\" \/>\n<meta property=\"article:modified_time\" content=\"2025-12-01T19:06:53+00:00\" \/>\n<meta property=\"og:image\" content=\"https:\/\/conservacionecogreen.com\/wp-content\/uploads\/logo-comb.png\" \/>\n<meta name=\"twitter:card\" content=\"summary_large_image\" \/>\n<meta name=\"twitter:label1\" content=\"Est. reading time\" \/>\n\t<meta name=\"twitter:data1\" content=\"2 minutes\" \/>\n<script type=\"application\/ld+json\" class=\"yoast-schema-graph\">{\"@context\":\"https:\\\/\\\/schema.org\",\"@graph\":[{\"@type\":\"WebPage\",\"@id\":\"https:\\\/\\\/conservacionecogreen.com\\\/alianza\\\/\",\"url\":\"https:\\\/\\\/conservacionecogreen.com\\\/alianza\\\/\",\"name\":\"Ecogreen &amp; Vida | Centro de conservaci\u00f3n, rescate y zoocria\",\"isPartOf\":{\"@id\":\"https:\\\/\\\/conservacionecogreen.com\\\/#website\"},\"primaryImageOfPage\":{\"@id\":\"https:\\\/\\\/conservacionecogreen.com\\\/alianza\\\/#primaryimage\"},\"image\":{\"@id\":\"https:\\\/\\\/conservacionecogreen.com\\\/alianza\\\/#primaryimage\"},\"thumbnailUrl\":\"https:\\\/\\\/conservacionecogreen.com\\\/wp-content\\\/uploads\\\/logo-comb.png\",\"datePublished\":\"2025-09-05T14:53:53+00:00\",\"dateModified\":\"2025-12-01T19:06:53+00:00\",\"description\":\"En el Zoocriadero San Antonio Abad, trabajamos con \u00e9tica, ciencia y amor por la vida.\",\"breadcrumb\":{\"@id\":\"https:\\\/\\\/conservacionecogreen.com\\\/alianza\\\/#breadcrumb\"},\"inLanguage\":\"en-US\",\"potentialAction\":[{\"@type\":\"ReadAction\",\"target\":[\"https:\\\/\\\/conservacionecogreen.com\\\/alianza\\\/\"]}]},{\"@type\":\"ImageObject\",\"inLanguage\":\"en-US\",\"@id\":\"https:\\\/\\\/conservacionecogreen.com\\\/alianza\\\/#primaryimage\",\"url\":\"https:\\\/\\\/conservacionecogreen.com\\\/wp-content\\\/uploads\\\/logo-comb.png\",\"contentUrl\":\"https:\\\/\\\/conservacionecogreen.com\\\/wp-content\\\/uploads\\\/logo-comb.png\"},{\"@type\":\"BreadcrumbList\",\"@id\":\"https:\\\/\\\/conservacionecogreen.com\\\/alianza\\\/#breadcrumb\",\"itemListElement\":[{\"@type\":\"ListItem\",\"position\":1,\"name\":\"Portada\",\"item\":\"https:\\\/\\\/conservacionecogreen.com\\\/\"},{\"@type\":\"ListItem\",\"position\":2,\"name\":\"Alianza\"}]},{\"@type\":\"WebSite\",\"@id\":\"https:\\\/\\\/conservacionecogreen.com\\\/#website\",\"url\":\"https:\\\/\\\/conservacionecogreen.com\\\/\",\"name\":\"Ecogreen & Vida\",\"description\":\"Centro de conservaci\u00f3n, rescate y zoocria\",\"publisher\":{\"@id\":\"https:\\\/\\\/conservacionecogreen.com\\\/#organization\"},\"alternateName\":\"Ecogreen & Vida\",\"potentialAction\":[{\"@type\":\"SearchAction\",\"target\":{\"@type\":\"EntryPoint\",\"urlTemplate\":\"https:\\\/\\\/conservacionecogreen.com\\\/?s={search_term_string}\"},\"query-input\":{\"@type\":\"PropertyValueSpecification\",\"valueRequired\":true,\"valueName\":\"search_term_string\"}}],\"inLanguage\":\"en-US\"},{\"@type\":\"Organization\",\"@id\":\"https:\\\/\\\/conservacionecogreen.com\\\/#organization\",\"name\":\"Ecogreen & Vida\",\"alternateName\":\"Ecogreen & Vida\",\"url\":\"https:\\\/\\\/conservacionecogreen.com\\\/\",\"logo\":{\"@type\":\"ImageObject\",\"inLanguage\":\"en-US\",\"@id\":\"https:\\\/\\\/conservacionecogreen.com\\\/#\\\/schema\\\/logo\\\/image\\\/\",\"url\":\"https:\\\/\\\/conservacionecogreen.com\\\/wp-content\\\/uploads\\\/logo-1.png\",\"contentUrl\":\"https:\\\/\\\/conservacionecogreen.com\\\/wp-content\\\/uploads\\\/logo-1.png\",\"width\":317,\"height\":131,\"caption\":\"Ecogreen & Vida\"},\"image\":{\"@id\":\"https:\\\/\\\/conservacionecogreen.com\\\/#\\\/schema\\\/logo\\\/image\\\/\"}}]}<\/script>\n<!-- \/ Yoast SEO plugin. -->","yoast_head_json":{"title":"Ecogreen &amp; Vida | Centro de conservaci\u00f3n, rescate y zoocria","description":"En el Zoocriadero San Antonio Abad, trabajamos con \u00e9tica, ciencia y amor por la vida.","robots":{"index":"index","follow":"follow","max-snippet":"max-snippet:-1","max-image-preview":"max-image-preview:large","max-video-preview":"max-video-preview:-1"},"canonical":"https:\/\/conservacionecogreen.com\/en\/alianza\/","og_locale":"en_US","og_type":"article","og_title":"Ecogreen &amp; Vida | Centro de conservaci\u00f3n, rescate y zoocria","og_description":"En el Zoocriadero San Antonio Abad, trabajamos con \u00e9tica, ciencia y amor por la vida.","og_url":"https:\/\/conservacionecogreen.com\/en\/alianza\/","og_site_name":"Ecogreen &amp; Vida","article_modified_time":"2025-12-01T19:06:53+00:00","og_image":[{"url":"https:\/\/conservacionecogreen.com\/wp-content\/uploads\/logo-comb.png","type":"","width":"","height":""}],"twitter_card":"summary_large_image","twitter_misc":{"Est. reading time":"2 minutes"},"schema":{"@context":"https:\/\/schema.org","@graph":[{"@type":"WebPage","@id":"https:\/\/conservacionecogreen.com\/alianza\/","url":"https:\/\/conservacionecogreen.com\/alianza\/","name":"Ecogreen &amp; Vida | Centro de conservaci\u00f3n, rescate y zoocria","isPartOf":{"@id":"https:\/\/conservacionecogreen.com\/#website"},"primaryImageOfPage":{"@id":"https:\/\/conservacionecogreen.com\/alianza\/#primaryimage"},"image":{"@id":"https:\/\/conservacionecogreen.com\/alianza\/#primaryimage"},"thumbnailUrl":"https:\/\/conservacionecogreen.com\/wp-content\/uploads\/logo-comb.png","datePublished":"2025-09-05T14:53:53+00:00","dateModified":"2025-12-01T19:06:53+00:00","description":"En el Zoocriadero San Antonio Abad, trabajamos con \u00e9tica, ciencia y amor por la vida.","breadcrumb":{"@id":"https:\/\/conservacionecogreen.com\/alianza\/#breadcrumb"},"inLanguage":"en-US","potentialAction":[{"@type":"ReadAction","target":["https:\/\/conservacionecogreen.com\/alianza\/"]}]},{"@type":"ImageObject","inLanguage":"en-US","@id":"https:\/\/conservacionecogreen.com\/alianza\/#primaryimage","url":"https:\/\/conservacionecogreen.com\/wp-content\/uploads\/logo-comb.png","contentUrl":"https:\/\/conservacionecogreen.com\/wp-content\/uploads\/logo-comb.png"},{"@type":"BreadcrumbList","@id":"https:\/\/conservacionecogreen.com\/alianza\/#breadcrumb","itemListElement":[{"@type":"ListItem","position":1,"name":"Portada","item":"https:\/\/conservacionecogreen.com\/"},{"@type":"ListItem","position":2,"name":"Alianza"}]},{"@type":"WebSite","@id":"https:\/\/conservacionecogreen.com\/#website","url":"https:\/\/conservacionecogreen.com\/","name":"Ecogreen & Vida","description":"Centro de conservaci\u00f3n, rescate y zoocria","publisher":{"@id":"https:\/\/conservacionecogreen.com\/#organization"},"alternateName":"Ecogreen & Vida","potentialAction":[{"@type":"SearchAction","target":{"@type":"EntryPoint","urlTemplate":"https:\/\/conservacionecogreen.com\/?s={search_term_string}"},"query-input":{"@type":"PropertyValueSpecification","valueRequired":true,"valueName":"search_term_string"}}],"inLanguage":"en-US"},{"@type":"Organization","@id":"https:\/\/conservacionecogreen.com\/#organization","name":"Ecogreen & Vida","alternateName":"Ecogreen & Vida","url":"https:\/\/conservacionecogreen.com\/","logo":{"@type":"ImageObject","inLanguage":"en-US","@id":"https:\/\/conservacionecogreen.com\/#\/schema\/logo\/image\/","url":"https:\/\/conservacionecogreen.com\/wp-content\/uploads\/logo-1.png","contentUrl":"https:\/\/conservacionecogreen.com\/wp-content\/uploads\/logo-1.png","width":317,"height":131,"caption":"Ecogreen & Vida"},"image":{"@id":"https:\/\/conservacionecogreen.com\/#\/schema\/logo\/image\/"}}]}},"_links":{"self":[{"href":"https:\/\/conservacionecogreen.com\/en\/wp-json\/wp\/v2\/pages\/986","targetHints":{"allow":["GET"]}}],"collection":[{"href":"https:\/\/conservacionecogreen.com\/en\/wp-json\/wp\/v2\/pages"}],"about":[{"href":"https:\/\/conservacionecogreen.com\/en\/wp-json\/wp\/v2\/types\/page"}],"author":[{"embeddable":true,"href":"https:\/\/conservacionecogreen.com\/en\/wp-json\/wp\/v2\/users\/2"}],"replies":[{"embeddable":true,"href":"https:\/\/conservacionecogreen.com\/en\/wp-json\/wp\/v2\/comments?post=986"}],"version-history":[{"count":35,"href":"https:\/\/conservacionecogreen.com\/en\/wp-json\/wp\/v2\/pages\/986\/revisions"}],"predecessor-version":[{"id":1149,"href":"https:\/\/conservacionecogreen.com\/en\/wp-json\/wp\/v2\/pages\/986\/revisions\/1149"}],"wp:attachment":[{"href":"https:\/\/conservacionecogreen.com\/en\/wp-json\/wp\/v2\/media?parent=986"}],"curies":[{"name":"wp","href":"https:\/\/api.w.org\/{rel}","templated":true}]}}